{"id":4210,"date":"2024-09-04T13:38:00","date_gmt":"2024-09-04T11:38:00","guid":{"rendered":"https:\/\/www.imaginetocreate.com\/?page_id=4210"},"modified":"2026-01-28T23:05:59","modified_gmt":"2026-01-28T22:05:59","slug":"inicio-clon","status":"publish","type":"page","link":"https:\/\/www.imaginetocreate.com\/en\/","title":{"rendered":"INICIO clon"},"content":{"rendered":"<div data-elementor-type=\"wp-page\" data-elementor-id=\"4210\" class=\"elementor elementor-4210\" data-elementor-post-type=\"page\">\n\t\t\t\t<div class=\"elementor-element elementor-element-10b70dd e-con-full elementor-hidden-tablet elementor-hidden-mobile e-flex e-con e-parent\" data-id=\"10b70dd\" data-element_type=\"container\" data-settings=\"{&quot;background_background&quot;:&quot;classic&quot;}\" data-core-v316-plus=\"true\">\n\t\t<div class=\"elementor-element elementor-element-fb77dc3 e-con-full e-flex e-con e-child\" data-id=\"fb77dc3\" data-element_type=\"container\">\n\t\t\t\t<div class=\"elementor-element elementor-element-88fe682 elementor-widget elementor-widget-image\" data-id=\"88fe682\" data-element_type=\"widget\" data-widget_type=\"image.default\">\n\t\t\t\t<div class=\"elementor-widget-container\">\n\t\t\t<style>\/*! elementor - v3.20.0 - 26-03-2024 *\/\n.elementor-widget-image{text-align:center}.elementor-widget-image a{display:inline-block}.elementor-widget-image a img[src$=\".svg\"]{width:48px}.elementor-widget-image img{vertical-align:middle;display:inline-block}<\/style>\t\t\t\t\t\t\t\t\t\t\t<a href=\"https:\/\/www.imaginetocreate.com\/en\/\">\n\t\t\t\t\t\t\t<img decoding=\"async\" data-src=\"https:\/\/www.imaginetocreate.com\/wp-content\/uploads\/elementor\/thumbs\/Logo_i2C-qyhz3pbr6odje91od433p5ki3slkf20ccg8r85pce8.png\" title=\"Logo_i2C\" alt=\"Logo_i2C\" loading=\"lazy\" src=\"data:image\/gif;base64,R0lGODlhAQABAAAAACH5BAEKAAEALAAAAAABAAEAAAICTAEAOw==\" class=\"lazyload\" style=\"--smush-placeholder-width: 50px; --smush-placeholder-aspect-ratio: 50\/50;\" \/><noscript><img decoding=\"async\" src=\"https:\/\/www.imaginetocreate.com\/wp-content\/uploads\/elementor\/thumbs\/Logo_i2C-qyhz3pbr6odje91od433p5ki3slkf20ccg8r85pce8.png\" title=\"Logo_i2C\" alt=\"Logo_i2C\" loading=\"lazy\" \/><\/noscript>\t\t\t\t\t\t\t\t<\/a>\n\t\t\t\t\t\t\t\t\t\t\t\t\t<\/div>\n\t\t\t\t<\/div>\n\t\t\t\t<div class=\"elementor-element elementor-element-3df53aa elementor-hidden-tablet elementor-hidden-mobile elementor-widget elementor-widget-heading\" data-id=\"3df53aa\" data-element_type=\"widget\" data-widget_type=\"heading.default\">\n\t\t\t\t<div class=\"elementor-widget-container\">\n\t\t\t<style>\/*! elementor - v3.20.0 - 26-03-2024 *\/\n.elementor-heading-title{padding:0;margin:0;line-height:1}.elementor-widget-heading .elementor-heading-title[class*=elementor-size-]>a{color:inherit;font-size:inherit;line-height:inherit}.elementor-widget-heading .elementor-heading-title.elementor-size-small{font-size:15px}.elementor-widget-heading .elementor-heading-title.elementor-size-medium{font-size:19px}.elementor-widget-heading .elementor-heading-title.elementor-size-large{font-size:29px}.elementor-widget-heading .elementor-heading-title.elementor-size-xl{font-size:39px}.elementor-widget-heading .elementor-heading-title.elementor-size-xxl{font-size:59px}<\/style><h2 class=\"elementor-heading-title elementor-size-default\"><a href=\"https:\/\/www.imaginetocreate.com\/en\/\">Imagine to Create<\/a><\/h2>\t\t<\/div>\n\t\t\t\t<\/div>\n\t\t\t\t<\/div>\n\t\t<div class=\"elementor-element elementor-element-16c720d e-flex e-con-boxed e-con e-child\" data-id=\"16c720d\" data-element_type=\"container\">\n\t\t\t\t\t<div class=\"e-con-inner\">\n\t\t\t\t<div class=\"elementor-element elementor-element-bb791dd elementor-hidden-tablet elementor-hidden-mobile elementor-widget elementor-widget-text-editor\" data-id=\"bb791dd\" data-element_type=\"widget\" data-widget_type=\"text-editor.default\">\n\t\t\t\t<div class=\"elementor-widget-container\">\n\t\t\t<style>\/*! elementor - v3.20.0 - 26-03-2024 *\/\n.elementor-widget-text-editor.elementor-drop-cap-view-stacked .elementor-drop-cap{background-color:#69727d;color:#fff}.elementor-widget-text-editor.elementor-drop-cap-view-framed .elementor-drop-cap{color:#69727d;border:3px solid;background-color:transparent}.elementor-widget-text-editor:not(.elementor-drop-cap-view-default) .elementor-drop-cap{margin-top:8px}.elementor-widget-text-editor:not(.elementor-drop-cap-view-default) .elementor-drop-cap-letter{width:1em;height:1em}.elementor-widget-text-editor .elementor-drop-cap{float:left;text-align:center;line-height:1;font-size:50px}.elementor-widget-text-editor .elementor-drop-cap-letter{display:inline-block}<\/style>\t\t\t\t<nav class=\"nav_menu\"><ul><li><a href=\"https:\/\/www.imaginetocreate.com\/en\/\">HOME<\/a><\/li><li><a href=\"https:\/\/www.imaginetocreate.com\/en\/membresia\/\">MEMBRES\u00cdA<\/a><\/li><li><a href=\"https:\/\/www.imaginetocreate.com\/en\/portafolio\/\">PORTFOLIO<\/a><\/li><li><a href=\"https:\/\/www.imaginetocreate.com\/en\/sobre-nosotros\/\">ABOUT US<\/a><\/li><\/ul><\/nav>\t\t\t\t\t\t<\/div>\n\t\t\t\t<\/div>\n\t\t\t\t<div class=\"elementor-element elementor-element-b2cf3ae elementor-align-center elementor-hidden-tablet elementor-hidden-mobile elementor-widget elementor-widget-button\" data-id=\"b2cf3ae\" data-element_type=\"widget\" data-widget_type=\"button.default\">\n\t\t\t\t<div class=\"elementor-widget-container\">\n\t\t\t\t\t<div class=\"elementor-button-wrapper\">\n\t\t\t<a class=\"elementor-button elementor-button-link elementor-size-sm elementor-animation-grow\" href=\"https:\/\/www.imaginetocreate.com\/en\/inicio\/\" target=\"_blank\">\n\t\t\t\t\t\t<span class=\"elementor-button-content-wrapper\">\n\t\t\t\t\t\t<span class=\"elementor-button-text\">CONTACT<\/span>\n\t\t<\/span>\n\t\t\t\t\t<\/a>\n\t\t<\/div>\n\t\t\t\t<\/div>\n\t\t\t\t<\/div>\n\t\t\t\t\t<\/div>\n\t\t\t\t<\/div>\n\t\t\t\t<\/div>\n\t\t<div class=\"elementor-element elementor-element-a7eea59 e-flex e-con-boxed e-con e-parent\" data-id=\"a7eea59\" data-element_type=\"container\" data-settings=\"{&quot;background_background&quot;:&quot;video&quot;,&quot;background_video_start&quot;:0,&quot;background_play_on_mobile&quot;:&quot;yes&quot;}\" data-core-v316-plus=\"true\">\n\t\t\t\t\t<div class=\"e-con-inner\">\n\t\t\t\t<div class=\"elementor-element elementor-element-8996b3a elementor-widget elementor-widget-video\" data-id=\"8996b3a\" data-element_type=\"widget\" id=\"bb\" data-settings=\"{&quot;video_type&quot;:&quot;hosted&quot;,&quot;autoplay&quot;:&quot;yes&quot;,&quot;play_on_mobile&quot;:&quot;yes&quot;,&quot;loop&quot;:&quot;yes&quot;,&quot;start&quot;:0,&quot;end&quot;:6000,&quot;mute&quot;:&quot;yes&quot;}\" data-widget_type=\"video.default\">\n\t\t\t\t<div class=\"elementor-widget-container\">\n\t\t\t<style>\/*! elementor - v3.20.0 - 26-03-2024 *\/\n.elementor-widget-video .elementor-widget-container{overflow:hidden;transform:translateZ(0)}.elementor-widget-video .elementor-wrapper{aspect-ratio:var(--video-aspect-ratio)}.elementor-widget-video .elementor-wrapper iframe,.elementor-widget-video .elementor-wrapper video{height:100%;width:100%;display:flex;border:none;background-color:#000}@supports not (aspect-ratio:1\/1){.elementor-widget-video .elementor-wrapper{position:relative;overflow:hidden;height:0;padding-bottom:calc(100% \/ var(--video-aspect-ratio))}.elementor-widget-video .elementor-wrapper iframe,.elementor-widget-video .elementor-wrapper video{position:absolute;top:0;right:0;bottom:0;left:0}}.elementor-widget-video .elementor-open-inline .elementor-custom-embed-image-overlay{position:absolute;top:0;right:0;bottom:0;left:0;background-size:cover;background-position:50%}.elementor-widget-video .elementor-custom-embed-image-overlay{cursor:pointer;text-align:center}.elementor-widget-video .elementor-custom-embed-image-overlay:hover .elementor-custom-embed-play i{opacity:1}.elementor-widget-video .elementor-custom-embed-image-overlay img{display:block;width:100%;aspect-ratio:var(--video-aspect-ratio);-o-object-fit:cover;object-fit:cover;-o-object-position:center center;object-position:center center}@supports not (aspect-ratio:1\/1){.elementor-widget-video .elementor-custom-embed-image-overlay{position:relative;overflow:hidden;height:0;padding-bottom:calc(100% \/ var(--video-aspect-ratio))}.elementor-widget-video .elementor-custom-embed-image-overlay img{position:absolute;top:0;right:0;bottom:0;left:0}}.elementor-widget-video .e-hosted-video .elementor-video{-o-object-fit:cover;object-fit:cover}.e-con-inner>.elementor-widget-video,.e-con>.elementor-widget-video{width:var(--container-widget-width);--flex-grow:var(--container-widget-flex-grow)}<\/style>\t\t<div class=\"e-hosted-video elementor-wrapper elementor-open-inline\">\n\t\t\t\t\t<video class=\"elementor-video\" src=\"https:\/\/www.imaginetocreate.com\/wp-content\/uploads\/2024\/09\/i2c_intro.mp4#t=,6000\" autoplay=\"\" loop=\"\" muted=\"muted\" playsinline=\"\" controlslist=\"nodownload\"><\/video>\n\t\t\t\t<\/div>\n\t\t\t\t<\/div>\n\t\t\t\t<\/div>\n\t\t\t\t<div class=\"elementor-element elementor-element-0884ceb elementor-widget elementor-widget-heading\" data-id=\"0884ceb\" data-element_type=\"widget\" data-widget_type=\"heading.default\">\n\t\t\t\t<div class=\"elementor-widget-container\">\n\t\t\t<h1 class=\"elementor-heading-title elementor-size-default\">Revoluciona tu productividad con i2C Coworking \n<\/h1>\t\t<\/div>\n\t\t\t\t<\/div>\n\t\t\t\t\t<\/div>\n\t\t\t\t<\/div>\n\t\t<div class=\"elementor-element elementor-element-3e9f6b9 e-flex e-con-boxed e-con e-parent\" data-id=\"3e9f6b9\" data-element_type=\"container\" data-core-v316-plus=\"true\">\n\t\t\t\t\t<div class=\"e-con-inner\">\n\t\t\t\t<div class=\"elementor-element elementor-element-c0bd051 elementor-widget elementor-widget-text-editor\" data-id=\"c0bd051\" data-element_type=\"widget\" data-widget_type=\"text-editor.default\">\n\t\t\t\t<div class=\"elementor-widget-container\">\n\t\t\t\t\t\t\t<h2><span style=\"font-weight: 400;\">Estrategias para emprendedores en la era del metaverso.\u00a0<\/span><\/h2><p><span style=\"font-weight: 400;\">Suscr\u00edbete y accede al Volumen I del m\u00e9todo i2C.\u00a0<\/span><\/p><p><span style=\"font-weight: 400;\">Descubre c\u00f3mo transformar tu enfoque laboral desde hoy.<\/span><\/p><h2><span style=\"font-weight: 400;\">Paso a paso hacia una transformaci\u00f3n digital efectiva <\/span><\/h2><h3><em><strong>1. Introducci\u00f3n<\/strong><\/em><\/h3><h4>Qu\u00e9 es i2C<br \/>En qu\u00e9 consiste este m\u00e9todo<br \/>Qu\u00e9 es un procesista<\/h4><h3><em><strong>2. Compromiso<\/strong><\/em><\/h3><h4>Los 4+3 acuerdos<br \/>El compromiso es contigo mismo<\/h4><h3><em><strong>3. Productividad<\/strong><\/em><\/h3><h4>Maneras de ser m\u00e1s productivo desde ya<br \/>Gesti\u00f3n modular del tiempo<br \/>La lista to do<br \/>Plantillas para protocolos y actas<\/h4><h3><em><strong>4. Comunicaci\u00f3n<\/strong><\/em><\/h3><h4>El 80 por ciento de los problemas son de comunicaci\u00f3n<br \/>Preg\u00fantalo otra vez Sam<\/h4><h3><em><strong>5. Persuasi\u00f3n<\/strong><\/em><\/h3><h4>No hay nada m\u00e1s persuasivo que tener pruebas<\/h4><h3><em><strong>6. Negociaci\u00f3n<\/strong><\/em><\/h3><h4>Una habilidad clave para todo project manager<br \/>A negociar se aprende negociando<\/h4><h3><em><strong>7. El m\u00e9todo i2C<\/strong><\/em><\/h3><h4>Introducci\u00f3n al m\u00e9todo i2C y su aplicaci\u00f3n<\/h4>\t\t\t\t\t\t<\/div>\n\t\t\t\t<\/div>\n\t\t\t\t<div class=\"elementor-element elementor-element-e874710 elementor-widget elementor-widget-text-editor\" data-id=\"e874710\" data-element_type=\"widget\" data-widget_type=\"text-editor.default\">\n\t\t\t\t<div class=\"elementor-widget-container\">\n\t\t\t\t\t\t\t<p><span style=\"font-weight: 400;\">Deja de imaginar el futuro y comienza a crearlo.\u00a0<br \/><br \/><\/span><span style=\"font-weight: 400;\">Blockchain, Web3 y metaverso para transformar tu negocio hoy. Empieza ahora y lidera la innovaci\u00f3n. <\/span><\/p>\t\t\t\t\t\t<\/div>\n\t\t\t\t<\/div>\n\t\t\t\t\t<\/div>\n\t\t\t\t<\/div>\n\t\t\t\t<\/div>","protected":false},"excerpt":{"rendered":"<p>Imagine to Create INICIO MEMBRES\u00cdA PORTAFOLIO SOBRE NOSOTROS CONTACTO https:\/\/www.imaginetocreate.com\/wp-content\/uploads\/2024\/09\/i2c_intro.mp4#t=,6000 i2C Consultor\u00eda tecnol\u00f3gica Aprende nuestro m\u00e9todo de trabajo para ser m\u00e1s productivo y eficiente. Un conocimiento esot\u00e9rico que puede ayudarte a mejorar tu vida. Consigue ser relevante en el trabajo, consigue ordenar tu d\u00eda a d\u00eda y llegar al estado de flow donde encadenas acciones [&hellip;]<\/p>","protected":false},"author":1,"featured_media":0,"parent":0,"menu_order":0,"comment_status":"closed","ping_status":"closed","template":"elementor_header_footer","meta":{"site-sidebar-layout":"no-sidebar","site-content-layout":"","ast-site-content-layout":"full-width-container","site-content-style":"default","site-sidebar-style":"default","ast-global-header-display":"","ast-banner-title-visibility":"","ast-main-header-display":"","ast-hfb-above-header-display":"","ast-hfb-below-header-display":"","ast-hfb-mobile-header-display":"","site-post-title":"disabled","ast-breadcrumbs-content":"","ast-featured-img":"disabled","footer-sml-layout":"","theme-transparent-header-meta":"","adv-header-id-meta":"","stick-header-meta":"","header-above-stick-meta":"","header-main-stick-meta":"","header-below-stick-meta":"","astra-migrate-meta-layouts":"default","ast-page-background-enabled":"default","ast-page-background-meta":{"desktop":{"background-color":"var(--ast-global-color-4)","background-image":"","background-repeat":"repeat","background-position":"center center","background-size":"auto","background-attachment":"scroll","background-type":"","background-media":"","overlay-type":"","overlay-color":"","overlay-gradient":""},"tablet":{"background-color":"","background-image":"","background-repeat":"repeat","background-position":"center center","background-size":"auto","background-attachment":"scroll","background-type":"","background-media":"","overlay-type":"","overlay-color":"","overlay-gradient":""},"mobile":{"background-color":"","background-image":"","background-repeat":"repeat","background-position":"center center","background-size":"auto","background-attachment":"scroll","background-type":"","background-media":"","overlay-type":"","overlay-color":"","overlay-gradient":""}},"ast-content-background-meta":{"desktop":{"background-color":"var(--ast-global-color-5)","background-image":"","background-repeat":"repeat","background-position":"center center","background-size":"auto","background-attachment":"scroll","background-type":"","background-media":"","overlay-type":"","overlay-color":"","overlay-gradient":""},"tablet":{"background-color":"var(--ast-global-color-5)","background-image":"","background-repeat":"repeat","background-position":"center center","background-size":"auto","background-attachment":"scroll","background-type":"","background-media":"","overlay-type":"","overlay-color":"","overlay-gradient":""},"mobile":{"background-color":"var(--ast-global-color-5)","background-image":"","background-repeat":"repeat","background-position":"center center","background-size":"auto","background-attachment":"scroll","background-type":"","background-media":"","overlay-type":"","overlay-color":"","overlay-gradient":""}},"footnotes":""},"_links":{"self":[{"href":"https:\/\/www.imaginetocreate.com\/en\/wp-json\/wp\/v2\/pages\/4210"}],"collection":[{"href":"https:\/\/www.imaginetocreate.com\/en\/wp-json\/wp\/v2\/pages"}],"about":[{"href":"https:\/\/www.imaginetocreate.com\/en\/wp-json\/wp\/v2\/types\/page"}],"author":[{"embeddable":true,"href":"https:\/\/www.imaginetocreate.com\/en\/wp-json\/wp\/v2\/users\/1"}],"replies":[{"embeddable":true,"href":"https:\/\/www.imaginetocreate.com\/en\/wp-json\/wp\/v2\/comments?post=4210"}],"version-history":[{"count":94,"href":"https:\/\/www.imaginetocreate.com\/en\/wp-json\/wp\/v2\/pages\/4210\/revisions"}],"predecessor-version":[{"id":4578,"href":"https:\/\/www.imaginetocreate.com\/en\/wp-json\/wp\/v2\/pages\/4210\/revisions\/4578"}],"wp:attachment":[{"href":"https:\/\/www.imaginetocreate.com\/en\/wp-json\/wp\/v2\/media?parent=4210"}],"curies":[{"name":"wp","href":"https:\/\/api.w.org\/{rel}","templated":true}]}}